{"id":1337,"date":"2026-02-23T19:28:51","date_gmt":"2026-02-23T19:28:51","guid":{"rendered":"https:\/\/olalabrand.com\/?page_id=1337"},"modified":"2026-03-09T11:01:23","modified_gmt":"2026-03-09T11:01:23","slug":"eventos","status":"publish","type":"page","link":"https:\/\/olalabrand.com\/en\/eventos\/","title":{"rendered":"Eventos"},"content":{"rendered":"<p>[et_pb_section fb_built=\u00bb1&#8243; _builder_version=\u00bb4.27.5&#8243; _module_preset=\u00bbdefault\u00bb background_color=\u00bb#FFFFFF\u00bb custom_margin=\u00bb0px||||false|false\u00bb custom_padding=\u00bb0px||||false|false\u00bb global_colors_info=\u00bb{}\u00bb][et_pb_row _builder_version=\u00bb4.27.5&#8243; _module_preset=\u00bbdefault\u00bb module_alignment=\u00bbcenter\u00bb custom_margin=\u00bb0px||||false|false\u00bb custom_padding=\u00bb0px||||false|false\u00bb global_colors_info=\u00bb{}\u00bb][et_pb_column type=\u00bb4_4&#8243; _builder_version=\u00bb4.27.5&#8243; _module_preset=\u00bbdefault\u00bb global_colors_info=\u00bb{}\u00bb][et_pb_image src=\u00bbhttps:\/\/olalabrand.com\/wp-content\/uploads\/2026\/02\/wws_barrutia-1.png\u00bb title_text=\u00bbwws_barrutia\u00bb align=\u00bbcenter\u00bb _builder_version=\u00bb4.27.5&#8243; _module_preset=\u00bbdefault\u00bb global_colors_info=\u00bb{}\u00bb][\/et_pb_image][\/et_pb_column][\/et_pb_row][\/et_pb_section][et_pb_section fb_built=\u00bb1&#8243; _builder_version=\u00bb4.27.5&#8243; _module_preset=\u00bbdefault\u00bb background_color=\u00bb#EADFD5&#8243; global_colors_info=\u00bb{}\u00bb][et_pb_row _builder_version=\u00bb4.27.5&#8243; _module_preset=\u00bbdefault\u00bb global_colors_info=\u00bb{}\u00bb][et_pb_column type=\u00bb4_4&#8243; _builder_version=\u00bb4.27.5&#8243; _module_preset=\u00bbdefault\u00bb global_colors_info=\u00bb{}\u00bb][et_pb_text _builder_version=\u00bb4.27.6&#8243; _module_preset=\u00bbdefault\u00bb global_colors_info=\u00bb{}\u00bb]<\/p>\n<h2 data-start=\"73\" data-end=\"96\" style=\"text-align: center;\">Women Wine Stories<\/h2>\n<p data-start=\"98\" data-end=\"151\" style=\"text-align: center;\"><strong data-start=\"98\" data-end=\"151\">Un encuentro para dar voz a las mujeres del vino.<\/strong><\/p>\n<p data-start=\"153\" data-end=\"326\" style=\"text-align: center;\">Women Wine Stories nace para visibilizar a las bodegueras y en\u00f3logas que trabajan la tierra, toman decisiones en bodega y sostienen proyectos vin\u00edcolas con su propia mirada.<\/p>\n<p data-start=\"328\" data-end=\"518\" style=\"text-align: center;\">El <strong data-start=\"331\" data-end=\"345\">9 de marzo<\/strong>, en <strong data-start=\"350\" data-end=\"378\">Barrutia y el 9 (Madrid)<\/strong>, reuniremos a 7\u20138 profesionales en un formato \u00edntimo donde cada una presentar\u00e1 el vino que m\u00e1s la representa mientras comparte su historia.<\/p>\n<p data-start=\"520\" data-end=\"631\" style=\"text-align: center;\">No ser\u00e1 una cata t\u00e9cnica al uso, sino una conversaci\u00f3n en primera persona sobre territorio, intuici\u00f3n y visi\u00f3n.<\/p>\n<p data-start=\"633\" data-end=\"795\" style=\"text-align: center;\">\n<p data-start=\"797\" data-end=\"928\" style=\"text-align: center;\">Women Wine Stories no es solo una cita puntual.<br data-start=\"844\" data-end=\"847\" \/>Es un espacio para que sus historias tengan el lugar que merecen dentro del vino.<\/p>\n<p>[\/et_pb_text][\/et_pb_column][\/et_pb_row][\/et_pb_section][et_pb_section fb_built=\u00bb1&#8243; _builder_version=\u00bb4.27.6&#8243; _module_preset=\u00bbdefault\u00bb background_color=\u00bb#FFFFFF\u00bb hover_enabled=\u00bb0&#8243; global_colors_info=\u00bb{}\u00bb custom_margin=\u00bb10px||10px||true|false\u00bb custom_padding=\u00bb0px||0px||false|false\u00bb sticky_enabled=\u00bb0&#8243;][et_pb_row _builder_version=\u00bb4.27.6&#8243; _module_preset=\u00bbdefault\u00bb global_colors_info=\u00bb{}\u00bb][et_pb_column type=\u00bb4_4&#8243; _builder_version=\u00bb4.27.6&#8243; _module_preset=\u00bbdefault\u00bb global_colors_info=\u00bb{}\u00bb][et_pb_text _builder_version=\u00bb4.27.6&#8243; _module_preset=\u00bbdefault\u00bb text_orientation=\u00bbcenter\u00bb global_colors_info=\u00bb{}\u00bb]<h1>NUESTRAS PROTAGONISTAS[\/et_pb_text][\/et_pb_column][\/et_pb_row][\/et_pb_section][et_pb_section fb_built=\u00bb1&#8243; fullwidth=\u00bbon\u00bb theme_builder_area=\u00bbpost_content\u00bb _builder_version=\u00bb4.27.6&#8243; _module_preset=\u00bbdefault\u00bb][et_pb_fullwidth_code _builder_version=\u00bb4.27.6&#8243; _module_preset=\u00bbdefault\u00bb theme_builder_area=\u00bbpost_content\u00bb hover_enabled=\u00bb0&#8243; sticky_enabled=\u00bb0&#8243;]<\/p>\n<style><!-- [et_pb_line_break_holder] -->\/* Contenedor general *\/<!-- [et_pb_line_break_holder] -->.tarjetas-contenedor {<!-- [et_pb_line_break_holder] -->  display: flex;<!-- [et_pb_line_break_holder] -->  justify-content: center;<!-- [et_pb_line_break_holder] -->  flex-wrap: wrap;<!-- [et_pb_line_break_holder] -->  gap: 20px;<!-- [et_pb_line_break_holder] -->  padding: 40px 20px;<!-- [et_pb_line_break_holder] -->  width: 100%;<!-- [et_pb_line_break_holder] -->  box-sizing: border-box;<!-- [et_pb_line_break_holder] -->}<!-- [et_pb_line_break_holder] --><!-- [et_pb_line_break_holder] -->\/* Tarjeta base *\/<!-- [et_pb_line_break_holder] -->.tarjeta-flip {<!-- [et_pb_line_break_holder] -->  background-color: transparent;<!-- [et_pb_line_break_holder] -->  width: 260px;<!-- [et_pb_line_break_holder] -->  height: 380px;<!-- [et_pb_line_break_holder] -->  perspective: 1000px;<!-- [et_pb_line_break_holder] -->  flex: 1 1 260px;<!-- [et_pb_line_break_holder] -->  max-width: 260px;<!-- [et_pb_line_break_holder] -->}<!-- [et_pb_line_break_holder] --><!-- [et_pb_line_break_holder] -->\/* Estructura interna *\/<!-- [et_pb_line_break_holder] -->.tarjeta-inner {<!-- [et_pb_line_break_holder] -->  position: relative;<!-- [et_pb_line_break_holder] -->  width: 100%;<!-- [et_pb_line_break_holder] -->  height: 100%;<!-- [et_pb_line_break_holder] -->  text-align: center;<!-- [et_pb_line_break_holder] -->  transition: transform 0.8s;<!-- [et_pb_line_break_holder] -->  transform-style: preserve-3d;<!-- [et_pb_line_break_holder] -->}<!-- [et_pb_line_break_holder] --><!-- [et_pb_line_break_holder] -->.tarjeta-flip:hover .tarjeta-inner {<!-- [et_pb_line_break_holder] -->  transform: rotateY(180deg);<!-- [et_pb_line_break_holder] -->}<!-- [et_pb_line_break_holder] --><!-- [et_pb_line_break_holder] -->\/* Correcci\u00f3n para que funcione tambi\u00e9n al hacer clic *\/<!-- [et_pb_line_break_holder] -->.tarjeta-inner.is-flipped {<!-- [et_pb_line_break_holder] -->  transform: rotateY(180deg);<!-- [et_pb_line_break_holder] -->}<!-- [et_pb_line_break_holder] --><!-- [et_pb_line_break_holder] -->\/* Caras *\/<!-- [et_pb_line_break_holder] -->.tarjeta-front, .tarjeta-back {<!-- [et_pb_line_break_holder] -->  position: absolute;<!-- [et_pb_line_break_holder] -->  width: 100%;<!-- [et_pb_line_break_holder] -->  height: 100%;<!-- [et_pb_line_break_holder] -->  border-radius: 20px;<!-- [et_pb_line_break_holder] -->  backface-visibility: hidden;<!-- [et_pb_line_break_holder] -->  overflow: hidden;<!-- [et_pb_line_break_holder] -->  box-shadow: 0 8px 16px rgba(0,0,0,0.15);<!-- [et_pb_line_break_holder] -->}<!-- [et_pb_line_break_holder] --><!-- [et_pb_line_break_holder] -->\/* Frente *\/<!-- [et_pb_line_break_holder] -->.tarjeta-front {<!-- [et_pb_line_break_holder] -->  background: #fff;<!-- [et_pb_line_break_holder] -->  display: flex;<!-- [et_pb_line_break_holder] -->  flex-direction: column;<!-- [et_pb_line_break_holder] -->  justify-content: space-between;<!-- [et_pb_line_break_holder] -->  align-items: center;<!-- [et_pb_line_break_holder] -->  padding: 15px;<!-- [et_pb_line_break_holder] -->  box-sizing: border-box;<!-- [et_pb_line_break_holder] -->}<!-- [et_pb_line_break_holder] --><!-- [et_pb_line_break_holder] -->.tarjeta-front h3 {<!-- [et_pb_line_break_holder] -->  font-family: 'Urbanist', sans-serif;<!-- [et_pb_line_break_holder] -->  font-weight: 600;<!-- [et_pb_line_break_holder] -->  font-size: 1.3em;<!-- [et_pb_line_break_holder] -->  color: #601a4a;<!-- [et_pb_line_break_holder] -->  margin: 0;<!-- [et_pb_line_break_holder] -->}<!-- [et_pb_line_break_holder] --><!-- [et_pb_line_break_holder] -->.tarjeta-front img, <!-- [et_pb_line_break_holder] -->.tarjeta-front video {<!-- [et_pb_line_break_holder] -->  width: 100%;<!-- [et_pb_line_break_holder] -->  height: 340px;<!-- [et_pb_line_break_holder] -->  object-fit: cover;<!-- [et_pb_line_break_holder] -->  border-radius: 12px;<!-- [et_pb_line_break_holder] -->}<!-- [et_pb_line_break_holder] --><!-- [et_pb_line_break_holder] -->\/* Flecha *\/<!-- [et_pb_line_break_holder] -->.flecha-morada {<!-- [et_pb_line_break_holder] -->  font-size: 2rem;<!-- [et_pb_line_break_holder] -->  color: #601a4a;<!-- [et_pb_line_break_holder] -->  margin-top: 10px;<!-- [et_pb_line_break_holder] -->  display: inline-block;<!-- [et_pb_line_break_holder] -->  transition: transform 0.3s ease;<!-- [et_pb_line_break_holder] -->}<!-- [et_pb_line_break_holder] --><!-- [et_pb_line_break_holder] -->.tarjeta-front:hover .flecha-morada {<!-- [et_pb_line_break_holder] -->  transform: translateX(8px);<!-- [et_pb_line_break_holder] -->}<!-- [et_pb_line_break_holder] --><!-- [et_pb_line_break_holder] -->\/* Reverso *\/<!-- [et_pb_line_break_holder] -->.tarjeta-back {<!-- [et_pb_line_break_holder] -->  background: #faf8f6;<!-- [et_pb_line_break_holder] -->  color: #333;<!-- [et_pb_line_break_holder] -->  transform: rotateY(180deg);<!-- [et_pb_line_break_holder] -->  display: flex;<!-- [et_pb_line_break_holder] -->  justify-content: center;<!-- [et_pb_line_break_holder] -->  align-items: center;<!-- [et_pb_line_break_holder] -->  padding: 25px;<!-- [et_pb_line_break_holder] -->  font-family: 'Urbanist', sans-serif;<!-- [et_pb_line_break_holder] -->  font-size: 1em;<!-- [et_pb_line_break_holder] -->  line-height: 1.5;<!-- [et_pb_line_break_holder] -->  box-sizing: border-box;<!-- [et_pb_line_break_holder] -->  border-radius: 20px;<!-- [et_pb_line_break_holder] -->}<!-- [et_pb_line_break_holder] --><!-- [et_pb_line_break_holder] -->.tarjeta-back p {<!-- [et_pb_line_break_holder] -->  margin: 0;<!-- [et_pb_line_break_holder] -->}<!-- [et_pb_line_break_holder] --><!-- [et_pb_line_break_holder] -->\/* Responsive *\/<!-- [et_pb_line_break_holder] -->@media (max-width: 1200px) {<!-- [et_pb_line_break_holder] -->  .tarjetas-contenedor {<!-- [et_pb_line_break_holder] -->    gap: 15px;<!-- [et_pb_line_break_holder] -->  }<!-- [et_pb_line_break_holder] -->  .tarjeta-flip {<!-- [et_pb_line_break_holder] -->    width: 220px;<!-- [et_pb_line_break_holder] -->    height: 360px;<!-- [et_pb_line_break_holder] -->  }<!-- [et_pb_line_break_holder] -->  .tarjeta-front img, <!-- [et_pb_line_break_holder] -->  .tarjeta-front video {<!-- [et_pb_line_break_holder] -->    height: 210px;<!-- [et_pb_line_break_holder] -->  }<!-- [et_pb_line_break_holder] -->}<!-- [et_pb_line_break_holder] --><!-- [et_pb_line_break_holder] -->@media (max-width: 768px) {<!-- [et_pb_line_break_holder] -->  .tarjetas-contenedor {<!-- [et_pb_line_break_holder] -->    flex-direction: column;<!-- [et_pb_line_break_holder] -->    align-items: center;<!-- [et_pb_line_break_holder] -->  }<!-- [et_pb_line_break_holder] -->}<!-- [et_pb_line_break_holder] --><\/style>\n<p><!-- [et_pb_line_break_holder] --><!-- [et_pb_line_break_holder] --><\/p>\n<div class=\"tarjetas-contenedor\"><!-- [et_pb_line_break_holder] -->  <!-- Tarjeta 1 --><!-- [et_pb_line_break_holder] -->  <\/p>\n<div class=\"tarjeta-flip\"><!-- [et_pb_line_break_holder] -->    <\/p>\n<div class=\"tarjeta-inner\"><!-- [et_pb_line_break_holder] -->      <\/p>\n<div class=\"tarjeta-front\"><!-- [et_pb_line_break_holder] -->        <\/p>\n<h3>CARMEN<\/h3>\n<p><!-- [et_pb_line_break_holder] -->        <img decoding=\"async\" src=\"https:\/\/olalabrand.com\/wp-content\/uploads\/2026\/03\/carmen_valn.jpg\" alt=\"Descorche\"><!-- [et_pb_line_break_holder] -->        <span class=\"flecha-morada\">\u279c<\/span><!-- [et_pb_line_break_holder] -->      <\/div>\n<p><!-- [et_pb_line_break_holder] -->      <\/p>\n<div class=\"tarjeta-back\"><!-- [et_pb_line_break_holder] -->        <pee>Bodega Valdenoches tiene como prop\u00f3sito cuidar la garnacha desde el vi\u00f1edo y expresar a trav\u00e9s de sus vinos la identidad propia del territorio.<\/pee><!-- [et_pb_line_break_holder] -->      <\/div>\n<p><!-- [et_pb_line_break_holder] -->    <\/div>\n<p><!-- [et_pb_line_break_holder] -->  <\/div>\n<p><!-- [et_pb_line_break_holder] --><!-- [et_pb_line_break_holder] -->  <!-- Tarjeta 2 --><!-- [et_pb_line_break_holder] -->  <\/p>\n<div class=\"tarjeta-flip\"><!-- [et_pb_line_break_holder] -->    <\/p>\n<div class=\"tarjeta-inner\"><!-- [et_pb_line_break_holder] -->      <\/p>\n<div class=\"tarjeta-front\"><!-- [et_pb_line_break_holder] -->        <\/p>\n<h3>ALMA<\/h3>\n<p><!-- [et_pb_line_break_holder] -->        <img decoding=\"async\" src=\"https:\/\/olalabrand.com\/wp-content\/uploads\/2026\/03\/alma.jpg\" alt=\"Cata emocional\"><!-- [et_pb_line_break_holder] -->        <span class=\"flecha-morada\">\u279c<\/span><!-- [et_pb_line_break_holder] -->      <\/div>\n<p><!-- [et_pb_line_break_holder] -->      <\/p>\n<div class=\"tarjeta-back\"><!-- [et_pb_line_break_holder] -->        <pee>Quinta de Mil, vinos \u00fanicos con alma. Nuestros vinos son un homenaje a la historia vin\u00edcola de Arribes y una apuesta por su futuro.<\/pee><!-- [et_pb_line_break_holder] -->      <\/div>\n<p><!-- [et_pb_line_break_holder] -->    <\/div>\n<p><!-- [et_pb_line_break_holder] -->  <\/div>\n<p><!-- [et_pb_line_break_holder] --><!-- [et_pb_line_break_holder] -->  <!-- Tarjeta 3 --><!-- [et_pb_line_break_holder] -->  <\/p>\n<div class=\"tarjeta-flip\"><!-- [et_pb_line_break_holder] -->    <\/p>\n<div class=\"tarjeta-inner\"><!-- [et_pb_line_break_holder] -->      <\/p>\n<div class=\"tarjeta-front\"><!-- [et_pb_line_break_holder] -->        <\/p>\n<h3>ISABEL<\/h3>\n<p><!-- [et_pb_line_break_holder] -->        <img decoding=\"async\" src=\"https:\/\/olalabrand.com\/wp-content\/uploads\/2026\/03\/Isabel.jpg\" alt=\"Maceraci\u00f3n narrativa\"><!-- [et_pb_line_break_holder] -->        <span class=\"flecha-morada\">\u279c<\/span><!-- [et_pb_line_break_holder] -->      <\/div>\n<p><!-- [et_pb_line_break_holder] -->      <\/p>\n<div class=\"tarjeta-back\"><!-- [et_pb_line_break_holder] -->        <pee>Recuperar y reflejar la autenticidad de una zona vitivin\u00edcola hist\u00f3ricamente muy relevante, y mostrar la diferenciaci\u00f3n y realidad de sus variedades aut\u00f3ctonas de la forma m\u00e1s honesta y respetuosa.<\/pee><!-- [et_pb_line_break_holder] -->      <\/div>\n<p><!-- [et_pb_line_break_holder] -->    <\/div>\n<p><!-- [et_pb_line_break_holder] -->  <\/div>\n<p><!-- [et_pb_line_break_holder] --><!-- [et_pb_line_break_holder] -->  <!-- Tarjeta 4 --><!-- [et_pb_line_break_holder] -->  <\/p>\n<div class=\"tarjeta-flip\"><!-- [et_pb_line_break_holder] -->    <\/p>\n<div class=\"tarjeta-inner\"><!-- [et_pb_line_break_holder] -->      <\/p>\n<div class=\"tarjeta-front\"><!-- [et_pb_line_break_holder] -->        <\/p>\n<h3>ELENA<\/h3>\n<p><!-- [et_pb_line_break_holder] -->        <img decoding=\"async\" src=\"https:\/\/olalabrand.com\/wp-content\/uploads\/2026\/03\/elena.jpg\" alt=\"Embotellado\"><!-- [et_pb_line_break_holder] -->        <span class=\"flecha-morada\">\u279c<\/span><!-- [et_pb_line_break_holder] -->      <\/div>\n<p><!-- [et_pb_line_break_holder] -->      <\/p>\n<div class=\"tarjeta-back\"><!-- [et_pb_line_break_holder] -->        <pee>Transatl\u00e1ntica es mi manera de comunicarme con las personas a trav\u00e9s del vino. El vino puede enamorar cuando est\u00e1 hecho con cuidado y tradici\u00f3n.<\/pee><!-- [et_pb_line_break_holder] -->      <\/div>\n<p><!-- [et_pb_line_break_holder] -->    <\/div>\n<p><!-- [et_pb_line_break_holder] -->  <\/div>\n<p><!-- [et_pb_line_break_holder] --><!-- [et_pb_line_break_holder] -->  <!-- Tarjeta 5 --><!-- [et_pb_line_break_holder] -->  <\/p>\n<div class=\"tarjeta-flip\"><!-- [et_pb_line_break_holder] -->    <\/p>\n<div class=\"tarjeta-inner\"><!-- [et_pb_line_break_holder] -->      <\/p>\n<div class=\"tarjeta-front\"><!-- [et_pb_line_break_holder] -->        <\/p>\n<h3>CARMEN<\/h3>\n<p><!-- [et_pb_line_break_holder] -->        <img decoding=\"async\" src=\"https:\/\/olalabrand.com\/wp-content\/uploads\/2026\/03\/carmen.jpg\" alt=\"Revisi\u00f3n a la copa\"><!-- [et_pb_line_break_holder] -->        <span class=\"flecha-morada\">\u279c<\/span><!-- [et_pb_line_break_holder] -->      <\/div>\n<p><!-- [et_pb_line_break_holder] -->      <\/p>\n<div class=\"tarjeta-back\"><!-- [et_pb_line_break_holder] -->        <pee>M\u00e1s de un siglo creando vinos para todos los paladares.<\/pee><!-- [et_pb_line_break_holder] -->      <\/div>\n<p><!-- [et_pb_line_break_holder] -->    <\/div>\n<p><!-- [et_pb_line_break_holder] -->  <\/div>\n<p><!-- [et_pb_line_break_holder] --><\/div>\n<p><!-- [et_pb_line_break_holder] --><!-- [et_pb_line_break_holder] --><script><!-- [et_pb_line_break_holder] -->const tarjetas = document.querySelectorAll('.tarjeta-flip');<!-- [et_pb_line_break_holder] -->tarjetas.forEach(card => {<!-- [et_pb_line_break_holder] -->  card.addEventListener('click', () => {<!-- [et_pb_line_break_holder] -->    card.querySelector('.tarjeta-inner').classList.toggle('is-flipped');<!-- [et_pb_line_break_holder] -->  });<!-- [et_pb_line_break_holder] -->});<!-- [et_pb_line_break_holder] --><\/script>[\/et_pb_fullwidth_code][\/et_pb_section]<\/p>","protected":false},"excerpt":{"rendered":"<p>Women Wine Stories Un encuentro para dar voz a las mujeres del vino. Women Wine Stories nace para visibilizar a las bodegueras y en\u00f3logas que trabajan la tierra, toman decisiones en bodega y sostienen proyectos vin\u00edcolas con su propia mirada. El 9 de marzo, en Barrutia y el 9 (Madrid), reuniremos a 7\u20138 profesionales en [&hellip;]<\/p>","protected":false},"author":1,"featured_media":0,"parent":0,"menu_order":5,"comment_status":"closed","ping_status":"closed","template":"","meta":{"_et_pb_use_builder":"on","_et_pb_old_content":"","_et_gb_content_width":"","footnotes":""},"class_list":["post-1337","page","type-page","status-publish","hentry"],"yoast_head":"<!-- This site is optimized with the Yoast SEO plugin v27.4 - https:\/\/yoast.com\/product\/yoast-seo-wordpress\/ -->\n<title>Eventos - Olalabrand<\/title>\n<meta name=\"robots\" content=\"index, follow, max-snippet:-1, max-image-preview:large, max-video-preview:-1\" \/>\n<link rel=\"canonical\" href=\"https:\/\/olalabrand.com\/en\/eventos\/\" \/>\n<meta property=\"og:locale\" content=\"en_GB\" \/>\n<meta property=\"og:type\" content=\"article\" \/>\n<meta property=\"og:title\" content=\"Eventos - Olalabrand\" \/>\n<meta property=\"og:description\" content=\"Women Wine Stories Un encuentro para dar voz a las mujeres del vino. Women Wine Stories nace para visibilizar a las bodegueras y en\u00f3logas que trabajan la tierra, toman decisiones en bodega y sostienen proyectos vin\u00edcolas con su propia mirada. El 9 de marzo, en Barrutia y el 9 (Madrid), reuniremos a 7\u20138 profesionales en [&hellip;]\" \/>\n<meta property=\"og:url\" content=\"https:\/\/olalabrand.com\/en\/eventos\/\" \/>\n<meta property=\"og:site_name\" content=\"Olalabrand\" \/>\n<meta property=\"article:modified_time\" content=\"2026-03-09T11:01:23+00:00\" \/>\n<meta property=\"og:image\" content=\"https:\/\/olalabrand.com\/wp-content\/uploads\/2026\/03\/carmen_valn.jpg\" \/>\n<meta name=\"twitter:card\" content=\"summary_large_image\" \/>\n<meta name=\"twitter:label1\" content=\"Estimated reading time\" \/>\n\t<meta name=\"twitter:data1\" content=\"1 minute\" \/>\n<script type=\"application\/ld+json\" class=\"yoast-schema-graph\">{\"@context\":\"https:\\\/\\\/schema.org\",\"@graph\":[{\"@type\":\"WebPage\",\"@id\":\"https:\\\/\\\/olalabrand.com\\\/eventos\\\/\",\"url\":\"https:\\\/\\\/olalabrand.com\\\/eventos\\\/\",\"name\":\"Eventos - Olalabrand\",\"isPartOf\":{\"@id\":\"https:\\\/\\\/olalabrand.com\\\/#website\"},\"primaryImageOfPage\":{\"@id\":\"https:\\\/\\\/olalabrand.com\\\/eventos\\\/#primaryimage\"},\"image\":{\"@id\":\"https:\\\/\\\/olalabrand.com\\\/eventos\\\/#primaryimage\"},\"thumbnailUrl\":\"https:\\\/\\\/olalabrand.com\\\/wp-content\\\/uploads\\\/2026\\\/03\\\/carmen_valn.jpg\",\"datePublished\":\"2026-02-23T19:28:51+00:00\",\"dateModified\":\"2026-03-09T11:01:23+00:00\",\"breadcrumb\":{\"@id\":\"https:\\\/\\\/olalabrand.com\\\/eventos\\\/#breadcrumb\"},\"inLanguage\":\"en-GB\",\"potentialAction\":[{\"@type\":\"ReadAction\",\"target\":[\"https:\\\/\\\/olalabrand.com\\\/eventos\\\/\"]}]},{\"@type\":\"ImageObject\",\"inLanguage\":\"en-GB\",\"@id\":\"https:\\\/\\\/olalabrand.com\\\/eventos\\\/#primaryimage\",\"url\":\"https:\\\/\\\/olalabrand.com\\\/wp-content\\\/uploads\\\/2026\\\/03\\\/carmen_valn.jpg\",\"contentUrl\":\"https:\\\/\\\/olalabrand.com\\\/wp-content\\\/uploads\\\/2026\\\/03\\\/carmen_valn.jpg\"},{\"@type\":\"BreadcrumbList\",\"@id\":\"https:\\\/\\\/olalabrand.com\\\/eventos\\\/#breadcrumb\",\"itemListElement\":[{\"@type\":\"ListItem\",\"position\":1,\"name\":\"Portada\",\"item\":\"https:\\\/\\\/olalabrand.com\\\/\"},{\"@type\":\"ListItem\",\"position\":2,\"name\":\"Eventos\"}]},{\"@type\":\"WebSite\",\"@id\":\"https:\\\/\\\/olalabrand.com\\\/#website\",\"url\":\"https:\\\/\\\/olalabrand.com\\\/\",\"name\":\"Olalabrand\",\"description\":\"Estudio de branding emocional\",\"potentialAction\":[{\"@type\":\"SearchAction\",\"target\":{\"@type\":\"EntryPoint\",\"urlTemplate\":\"https:\\\/\\\/olalabrand.com\\\/?s={search_term_string}\"},\"query-input\":{\"@type\":\"PropertyValueSpecification\",\"valueRequired\":true,\"valueName\":\"search_term_string\"}}],\"inLanguage\":\"en-GB\"}]}<\/script>\n<!-- \/ Yoast SEO plugin. -->","yoast_head_json":{"title":"Eventos - Olalabrand","robots":{"index":"index","follow":"follow","max-snippet":"max-snippet:-1","max-image-preview":"max-image-preview:large","max-video-preview":"max-video-preview:-1"},"canonical":"https:\/\/olalabrand.com\/en\/eventos\/","og_locale":"en_GB","og_type":"article","og_title":"Eventos - Olalabrand","og_description":"Women Wine Stories Un encuentro para dar voz a las mujeres del vino. Women Wine Stories nace para visibilizar a las bodegueras y en\u00f3logas que trabajan la tierra, toman decisiones en bodega y sostienen proyectos vin\u00edcolas con su propia mirada. El 9 de marzo, en Barrutia y el 9 (Madrid), reuniremos a 7\u20138 profesionales en [&hellip;]","og_url":"https:\/\/olalabrand.com\/en\/eventos\/","og_site_name":"Olalabrand","article_modified_time":"2026-03-09T11:01:23+00:00","og_image":[{"url":"https:\/\/olalabrand.com\/wp-content\/uploads\/2026\/03\/carmen_valn.jpg","type":"","width":"","height":""}],"twitter_card":"summary_large_image","twitter_misc":{"Estimated reading time":"1 minute"},"schema":{"@context":"https:\/\/schema.org","@graph":[{"@type":"WebPage","@id":"https:\/\/olalabrand.com\/eventos\/","url":"https:\/\/olalabrand.com\/eventos\/","name":"Eventos - Olalabrand","isPartOf":{"@id":"https:\/\/olalabrand.com\/#website"},"primaryImageOfPage":{"@id":"https:\/\/olalabrand.com\/eventos\/#primaryimage"},"image":{"@id":"https:\/\/olalabrand.com\/eventos\/#primaryimage"},"thumbnailUrl":"https:\/\/olalabrand.com\/wp-content\/uploads\/2026\/03\/carmen_valn.jpg","datePublished":"2026-02-23T19:28:51+00:00","dateModified":"2026-03-09T11:01:23+00:00","breadcrumb":{"@id":"https:\/\/olalabrand.com\/eventos\/#breadcrumb"},"inLanguage":"en-GB","potentialAction":[{"@type":"ReadAction","target":["https:\/\/olalabrand.com\/eventos\/"]}]},{"@type":"ImageObject","inLanguage":"en-GB","@id":"https:\/\/olalabrand.com\/eventos\/#primaryimage","url":"https:\/\/olalabrand.com\/wp-content\/uploads\/2026\/03\/carmen_valn.jpg","contentUrl":"https:\/\/olalabrand.com\/wp-content\/uploads\/2026\/03\/carmen_valn.jpg"},{"@type":"BreadcrumbList","@id":"https:\/\/olalabrand.com\/eventos\/#breadcrumb","itemListElement":[{"@type":"ListItem","position":1,"name":"Portada","item":"https:\/\/olalabrand.com\/"},{"@type":"ListItem","position":2,"name":"Eventos"}]},{"@type":"WebSite","@id":"https:\/\/olalabrand.com\/#website","url":"https:\/\/olalabrand.com\/","name":"Olalabrand","description":"Estudio de branding emocional","potentialAction":[{"@type":"SearchAction","target":{"@type":"EntryPoint","urlTemplate":"https:\/\/olalabrand.com\/?s={search_term_string}"},"query-input":{"@type":"PropertyValueSpecification","valueRequired":true,"valueName":"search_term_string"}}],"inLanguage":"en-GB"}]}},"_links":{"self":[{"href":"https:\/\/olalabrand.com\/en\/wp-json\/wp\/v2\/pages\/1337","targetHints":{"allow":["GET"]}}],"collection":[{"href":"https:\/\/olalabrand.com\/en\/wp-json\/wp\/v2\/pages"}],"about":[{"href":"https:\/\/olalabrand.com\/en\/wp-json\/wp\/v2\/types\/page"}],"author":[{"embeddable":true,"href":"https:\/\/olalabrand.com\/en\/wp-json\/wp\/v2\/users\/1"}],"replies":[{"embeddable":true,"href":"https:\/\/olalabrand.com\/en\/wp-json\/wp\/v2\/comments?post=1337"}],"version-history":[{"count":12,"href":"https:\/\/olalabrand.com\/en\/wp-json\/wp\/v2\/pages\/1337\/revisions"}],"predecessor-version":[{"id":1369,"href":"https:\/\/olalabrand.com\/en\/wp-json\/wp\/v2\/pages\/1337\/revisions\/1369"}],"wp:attachment":[{"href":"https:\/\/olalabrand.com\/en\/wp-json\/wp\/v2\/media?parent=1337"}],"curies":[{"name":"wp","href":"https:\/\/api.w.org\/{rel}","templated":true}]}}