{"id":3,"date":"2025-09-01T17:16:11","date_gmt":"2025-09-01T17:16:11","guid":{"rendered":"http:\/\/olalabrand.com\/?page_id=3"},"modified":"2026-02-23T19:30:29","modified_gmt":"2026-02-23T19:30:29","slug":"privacy-policy","status":"publish","type":"page","link":"https:\/\/olalabrand.com\/en\/privacy-policy\/","title":{"rendered":"Privacy Policy"},"content":{"rendered":"[et_pb_section fb_built=\u00bb1&#8243; admin_label=\u00bbsection\u00bb _builder_version=\u00bb4.27.4&#8243; hover_enabled=\u00bb0&#8243; global_colors_info=\u00bb{}\u00bb sticky_enabled=\u00bb0&#8243; background_color=\u00bbRGBA(255,255,255,0)\u00bb][et_pb_row admin_label=\u00bbrow\u00bb _builder_version=\u00bb4.16&#8243; background_size=\u00bbinitial\u00bb background_position=\u00bbtop_left\u00bb background_repeat=\u00bbrepeat\u00bb hover_enabled=\u00bb0&#8243; global_colors_info=\u00bb{}\u00bb sticky_enabled=\u00bb0&#8243;][et_pb_column type=\u00bb4_4&#8243; _builder_version=\u00bb4.16&#8243; custom_padding=\u00bb|||\u00bb global_colors_info=\u00bb{}\u00bb custom_padding__hover=\u00bb|||\u00bb][et_pb_text admin_label=\u00bbText\u00bb _builder_version=\u00bb4.27.4&#8243; background_size=\u00bbinitial\u00bb background_position=\u00bbtop_left\u00bb background_repeat=\u00bbrepeat\u00bb hover_enabled=\u00bb0&#8243; global_colors_info=\u00bb{}\u00bb sticky_enabled=\u00bb0&#8243;]<p><!-- divi:heading --><\/p>\n<p data-start=\"287\" data-end=\"636\">En aplicaci\u00f3n de las obligaciones definidas en la legislaci\u00f3n vigente sobre los servicios de la sociedad de la informaci\u00f3n y comercio electr\u00f3nico, as\u00ed como la normativa sobre Protecci\u00f3n de Datos de car\u00e1cter personal, te informamos que los datos personales que nos proporciones a trav\u00e9s de nuestra web ser\u00e1n tratados conforme a la siguiente pol\u00edtica:<\/p>\n<p data-start=\"638\" data-end=\"672\"><strong data-start=\"638\" data-end=\"670\">Responsable del tratamiento:<\/strong><\/p>\n<ul data-start=\"673\" data-end=\"841\">\n<li data-start=\"673\" data-end=\"702\">\n<p data-start=\"675\" data-end=\"702\">Nombre: Aranzazu Barrutia<\/p>\n<\/li>\n<li data-start=\"703\" data-end=\"721\">\n<p data-start=\"705\" data-end=\"721\">NIF: 50890318N<\/p>\n<\/li>\n<li data-start=\"722\" data-end=\"779\">\n<p data-start=\"724\" data-end=\"779\">Domicilio social: Calle de la Rioja 19, 28042, Madrid<\/p>\n<\/li>\n<li data-start=\"780\" data-end=\"807\">\n<p data-start=\"782\" data-end=\"807\">Tel\u00e9fono: +34 617026192<\/p>\n<\/li>\n<li data-start=\"808\" data-end=\"841\">\n<p data-start=\"810\" data-end=\"841\">Email: <a data-start=\"817\" data-end=\"839\" class=\"decorated-link cursor-pointer\" rel=\"noopener\">hola@olalabrand.com<span aria-hidden=\"true\" class=\"ms-0.5 inline-block align-middle leading-none\"><svg width=\"20\" height=\"20\" viewbox=\"0 0 20 20\" fill=\"currentColor\" xmlns=\"http:\/\/www.w3.org\/2000\/svg\" data-rtl-flip=\"\" class=\"block h-[0.75em] w-[0.75em] stroke-current stroke-[0.75]\"><path d=\"M14.3349 13.3301V6.60645L5.47065 15.4707C5.21095 15.7304 4.78895 15.7304 4.52925 15.4707C4.26955 15.211 4.26955 14.789 4.52925 14.5293L13.3935 5.66504H6.66011C6.29284 5.66504 5.99507 5.36727 5.99507 5C5.99507 4.63273 6.29284 4.33496 6.66011 4.33496H14.9999L15.1337 4.34863C15.4369 4.41057 15.665 4.67857 15.665 5V13.3301C15.6649 13.6973 15.3672 13.9951 14.9999 13.9951C14.6327 13.9951 14.335 13.6973 14.3349 13.3301Z\"><\/path><\/svg><\/span><\/a><\/p>\n<\/li>\n<\/ul>\n<p data-start=\"843\" data-end=\"936\"><strong data-start=\"843\" data-end=\"873\">Finalidad del tratamiento:<\/strong><br data-start=\"873\" data-end=\"876\" \/>Los datos que nos facilites se usar\u00e1n exclusivamente para:<\/p>\n<ul data-start=\"937\" data-end=\"1183\">\n<li data-start=\"937\" data-end=\"1004\">\n<p data-start=\"939\" data-end=\"1004\">Gestionar solicitudes de contacto recibidas a trav\u00e9s de la web.<\/p>\n<\/li>\n<li data-start=\"1005\" data-end=\"1099\">\n<p data-start=\"1007\" data-end=\"1099\">Dar respuesta a consultas o peticiones de informaci\u00f3n relacionadas con nuestros servicios.<\/p>\n<\/li>\n<li data-start=\"1100\" data-end=\"1183\">\n<p data-start=\"1102\" data-end=\"1183\">Enviar informaci\u00f3n comercial \u00fanicamente si se ha dado consentimiento expl\u00edcito.<\/p>\n<\/li>\n<\/ul>\n<p data-start=\"1185\" data-end=\"1428\"><strong data-start=\"1185\" data-end=\"1202\">Legitimaci\u00f3n:<\/strong><br data-start=\"1202\" data-end=\"1205\" \/>El tratamiento de tus datos se basa en tu <strong data-start=\"1247\" data-end=\"1275\">consentimiento expl\u00edcito<\/strong> al rellenar los formularios de contacto o al suscribirte a comunicaciones, y\/o en la <strong data-start=\"1361\" data-end=\"1400\">ejecuci\u00f3n de la relaci\u00f3n solicitada<\/strong> (gesti\u00f3n de tu consulta).<\/p>\n<p data-start=\"1430\" data-end=\"1698\"><strong data-start=\"1430\" data-end=\"1457\">Plazos de conservaci\u00f3n:<\/strong><br data-start=\"1457\" data-end=\"1460\" \/>Tus datos se conservar\u00e1n \u00fanicamente durante el tiempo necesario para cumplir la finalidad del tratamiento o mientras exista alguna obligaci\u00f3n legal que lo requiera. Una vez cumplida la finalidad, los datos se eliminar\u00e1n de forma segura.<\/p>\n<p data-start=\"1700\" data-end=\"1965\"><strong data-start=\"1700\" data-end=\"1722\">Cesiones de datos:<\/strong><br data-start=\"1722\" data-end=\"1725\" \/>No cedemos tus datos a terceros, salvo obligaci\u00f3n legal. Si fuese necesario para la prestaci\u00f3n de nuestros servicios (por ejemplo, proveedores de hosting), se garantizar\u00e1 la confidencialidad mediante contrato de encargado del tratamiento.<\/p>\n<p data-start=\"1967\" data-end=\"2014\"><strong data-start=\"1967\" data-end=\"1992\">Derechos del usuario:<\/strong><br data-start=\"1992\" data-end=\"1995\" \/>Tienes derecho a:<\/p>\n<ul data-start=\"2015\" data-end=\"2362\">\n<li data-start=\"2015\" data-end=\"2039\">\n<p data-start=\"2017\" data-end=\"2039\">Acceder a tus datos.<\/p>\n<\/li>\n<li data-start=\"2040\" data-end=\"2077\">\n<p data-start=\"2042\" data-end=\"2077\">Rectificarlos si son incorrectos.<\/p>\n<\/li>\n<li data-start=\"2078\" data-end=\"2123\">\n<p data-start=\"2080\" data-end=\"2123\">Suprimirlos cuando ya no sean necesarios.<\/p>\n<\/li>\n<li data-start=\"2124\" data-end=\"2164\">\n<p data-start=\"2126\" data-end=\"2164\">Limitar u oponerte a su tratamiento.<\/p>\n<\/li>\n<li data-start=\"2165\" data-end=\"2195\">\n<p data-start=\"2167\" data-end=\"2195\">Portabilidad de tus datos.<\/p>\n<\/li>\n<li data-start=\"2196\" data-end=\"2288\">\n<p data-start=\"2198\" data-end=\"2288\">Retirar el consentimiento en cualquier momento sin que afecte a tratamientos anteriores.<\/p>\n<\/li>\n<li data-start=\"2289\" data-end=\"2362\">\n<p data-start=\"2291\" data-end=\"2362\">Presentar una reclamaci\u00f3n ante la autoridad de control (<a data-start=\"2347\" data-end=\"2358\" rel=\"noopener\" target=\"_new\" class=\"decorated-link\" href=\"http:\/\/www.aepd.es\">www.aepd.es<span aria-hidden=\"true\" class=\"ms-0.5 inline-block align-middle leading-none\"><svg width=\"20\" height=\"20\" viewbox=\"0 0 20 20\" fill=\"currentColor\" xmlns=\"http:\/\/www.w3.org\/2000\/svg\" data-rtl-flip=\"\" class=\"block h-[0.75em] w-[0.75em] stroke-current stroke-[0.75]\"><path d=\"M14.3349 13.3301V6.60645L5.47065 15.4707C5.21095 15.7304 4.78895 15.7304 4.52925 15.4707C4.26955 15.211 4.26955 14.789 4.52925 14.5293L13.3935 5.66504H6.66011C6.29284 5.66504 5.99507 5.36727 5.99507 5C5.99507 4.63273 6.29284 4.33496 6.66011 4.33496H14.9999L15.1337 4.34863C15.4369 4.41057 15.665 4.67857 15.665 5V13.3301C15.6649 13.6973 15.3672 13.9951 14.9999 13.9951C14.6327 13.9951 14.335 13.6973 14.3349 13.3301Z\"><\/path><\/svg><\/span><\/a>).<\/p>\n<\/li>\n<\/ul>\n<p data-start=\"2364\" data-end=\"2441\">Para ejercer estos derechos, puedes escribir a: <strong data-start=\"2412\" data-end=\"2438\"><a data-start=\"2414\" data-end=\"2436\" class=\"decorated-link cursor-pointer\" rel=\"noopener\">hola@olalabrand.com<\/a><\/strong>.<\/p>\n<p data-start=\"2443\" data-end=\"2647\"><strong data-start=\"2443\" data-end=\"2468\">Medidas de seguridad:<\/strong><br data-start=\"2468\" data-end=\"2471\" \/>Se han implementado medidas t\u00e9cnicas y organizativas para garantizar la seguridad, confidencialidad e integridad de los datos, cumpliendo lo exigido por el RGPD y la LOPDGDD.<\/p>\n<p data-start=\"2649\" data-end=\"2823\"><strong data-start=\"2649\" data-end=\"2669\">Menores de edad:<\/strong><br data-start=\"2669\" data-end=\"2672\" \/>El acceso a esta web est\u00e1 prohibido a menores de 14 a\u00f1os. En caso de tratar datos de menores, ser\u00e1 necesaria la autorizaci\u00f3n del representante legal.<\/p>\n<p data-start=\"2825\" data-end=\"2918\"><strong data-start=\"2825\" data-end=\"2860\">Transferencias internacionales:<\/strong><br data-start=\"2860\" data-end=\"2863\" \/>No se prev\u00e9n transferencias internacionales de datos.<\/p>\n<p data-start=\"2920\" data-end=\"2966\"><strong data-start=\"2920\" data-end=\"2942\">Fecha de revisi\u00f3n:<\/strong> 29 de octubre de 2025<\/p>\n<p><!-- \/divi:heading --><\/p>[\/et_pb_text][\/et_pb_column][\/et_pb_row][\/et_pb_section]","protected":false},"excerpt":{"rendered":"<p>En aplicaci\u00f3n de las obligaciones definidas en la legislaci\u00f3n vigente sobre los servicios de la sociedad de la informaci\u00f3n y comercio electr\u00f3nico, as\u00ed como la normativa sobre Protecci\u00f3n de Datos de car\u00e1cter personal, te informamos que los datos personales que nos proporciones a trav\u00e9s de nuestra web ser\u00e1n tratados conforme a la siguiente pol\u00edtica: Responsable [&hellip;]<\/p>","protected":false},"author":1,"featured_media":0,"parent":0,"menu_order":6,"comment_status":"closed","ping_status":"open","template":"","meta":{"_et_pb_use_builder":"on","_et_pb_old_content":"<!-- wp:heading -->\n<h2 class=\"wp-block-heading\">Who we are<\/h2>\n<!-- \/wp:heading -->\n<!-- wp:paragraph -->\n<p><strong class=\"privacy-policy-tutorial\">Suggested text: <\/strong>Our website address is: http:\/\/olalabrand.com.<\/p>\n<!-- \/wp:paragraph -->\n<!-- wp:heading -->\n<h2 class=\"wp-block-heading\">Comments<\/h2>\n<!-- \/wp:heading -->\n<!-- wp:paragraph -->\n<p><strong class=\"privacy-policy-tutorial\">Suggested text: <\/strong>When visitors leave comments on the site we collect the data shown in the comments form, and also the visitor&#8217;s IP address and browser user agent string to help spam detection.<\/p>\n<!-- \/wp:paragraph -->\n<!-- wp:paragraph -->\n<p>An anonymized string created from your email address (also called a hash) may be provided to the Gravatar service to see if you are using it. The Gravatar service privacy policy is available here: https:\/\/automattic.com\/privacy\/. After approval of your comment, your profile picture is visible to the public in the context of your comment.<\/p>\n<!-- \/wp:paragraph -->\n<!-- wp:heading -->\n<h2 class=\"wp-block-heading\">Media<\/h2>\n<!-- \/wp:heading -->\n<!-- wp:paragraph -->\n<p><strong class=\"privacy-policy-tutorial\">Suggested text: <\/strong>If you upload images to the website, you should avoid uploading images with embedded location data (EXIF GPS) included. Visitors to the website can download and extract any location data from images on the website.<\/p>\n<!-- \/wp:paragraph -->\n<!-- wp:heading -->\n<h2 class=\"wp-block-heading\">Cookies<\/h2>\n<!-- \/wp:heading -->\n<!-- wp:paragraph -->\n<p><strong class=\"privacy-policy-tutorial\">Suggested text: <\/strong>If you leave a comment on our site you may opt-in to saving your name, email address and website in cookies. These are for your convenience so that you do not have to fill in your details again when you leave another comment. These cookies will last for one year.<\/p>\n<!-- \/wp:paragraph -->\n<!-- wp:paragraph -->\n<p>If you visit our login page, we will set a temporary cookie to determine if your browser accepts cookies. This cookie contains no personal data and is discarded when you close your browser.<\/p>\n<!-- \/wp:paragraph -->\n<!-- wp:paragraph -->\n<p>When you log in, we will also set up several cookies to save your login information and your screen display choices. Login cookies last for two days, and screen options cookies last for a year. If you select &quot;Remember Me&quot;, your login will persist for two weeks. If you log out of your account, the login cookies will be removed.<\/p>\n<!-- \/wp:paragraph -->\n<!-- wp:paragraph -->\n<p>If you edit or publish an article, an additional cookie will be saved in your browser. This cookie includes no personal data and simply indicates the post ID of the article you just edited. It expires after 1 day.<\/p>\n<!-- \/wp:paragraph -->\n<!-- wp:heading -->\n<h2 class=\"wp-block-heading\">Embedded content from other websites<\/h2>\n<!-- \/wp:heading -->\n<!-- wp:paragraph -->\n<p><strong class=\"privacy-policy-tutorial\">Suggested text: <\/strong>Articles on this site may include embedded content (e.g. videos, images, articles, etc.). Embedded content from other websites behaves in the exact same way as if the visitor has visited the other website.<\/p>\n<!-- \/wp:paragraph -->\n<!-- wp:paragraph -->\n<p>These websites may collect data about you, use cookies, embed additional third-party tracking, and monitor your interaction with that embedded content, including tracking your interaction with the embedded content if you have an account and are logged in to that website.<\/p>\n<!-- \/wp:paragraph -->\n<!-- wp:heading -->\n<h2 class=\"wp-block-heading\">Who we share your data with<\/h2>\n<!-- \/wp:heading -->\n<!-- wp:paragraph -->\n<p><strong class=\"privacy-policy-tutorial\">Suggested text: <\/strong>If you request a password reset, your IP address will be included in the reset email.<\/p>\n<!-- \/wp:paragraph -->\n<!-- wp:heading -->\n<h2 class=\"wp-block-heading\">How long we retain your data<\/h2>\n<!-- \/wp:heading -->\n<!-- wp:paragraph -->\n<p><strong class=\"privacy-policy-tutorial\">Suggested text: <\/strong>If you leave a comment, the comment and its metadata are retained indefinitely. This is so we can recognize and approve any follow-up comments automatically instead of holding them in a moderation queue.<\/p>\n<!-- \/wp:paragraph -->\n<!-- wp:paragraph -->\n<p>For users that register on our website (if any), we also store the personal information they provide in their user profile. All users can see, edit, or delete their personal information at any time (except they cannot change their username). Website administrators can also see and edit that information.<\/p>\n<!-- \/wp:paragraph -->\n<!-- wp:heading -->\n<h2 class=\"wp-block-heading\">What rights you have over your data<\/h2>\n<!-- \/wp:heading -->\n<!-- wp:paragraph -->\n<p><strong class=\"privacy-policy-tutorial\">Suggested text: <\/strong>If you have an account on this site, or have left comments, you can request to receive an exported file of the personal data we hold about you, including any data you have provided to us. You can also request that we erase any personal data we hold about you. This does not include any data we are obliged to keep for administrative, legal, or security purposes.<\/p>\n<!-- \/wp:paragraph -->\n<!-- wp:heading -->\n<h2 class=\"wp-block-heading\">Where your data is sent<\/h2>\n<!-- \/wp:heading -->\n<!-- wp:paragraph -->\n<p><strong class=\"privacy-policy-tutorial\">Suggested text: <\/strong>Visitor comments may be checked through an automated spam detection service.<\/p>\n<!-- \/wp:paragraph -->\n","_et_gb_content_width":"","footnotes":""},"class_list":["post-3","page","type-page","status-publish","hentry"],"yoast_head":"<!-- This site is optimized with the Yoast SEO plugin v27.4 - https:\/\/yoast.com\/product\/yoast-seo-wordpress\/ -->\n<title>Privacy Policy - Olalabrand<\/title>\n<meta name=\"description\" content=\"Consulta la pol\u00edtica de privacidad de Olalabrand y c\u00f3mo protegemos tus datos personales con transparencia y responsabilidad.\" \/>\n<meta name=\"robots\" content=\"index, follow, max-snippet:-1, max-image-preview:large, max-video-preview:-1\" \/>\n<link rel=\"canonical\" href=\"https:\/\/olalabrand.com\/en\/privacy-policy\/\" \/>\n<meta property=\"og:locale\" content=\"en_GB\" \/>\n<meta property=\"og:type\" content=\"article\" \/>\n<meta property=\"og:title\" content=\"Privacy Policy - Olalabrand\" \/>\n<meta property=\"og:description\" content=\"Consulta la pol\u00edtica de privacidad de Olalabrand y c\u00f3mo protegemos tus datos personales con transparencia y responsabilidad.\" \/>\n<meta property=\"og:url\" content=\"https:\/\/olalabrand.com\/en\/privacy-policy\/\" \/>\n<meta property=\"og:site_name\" content=\"Olalabrand\" \/>\n<meta property=\"article:modified_time\" content=\"2026-02-23T19:30:29+00:00\" \/>\n<meta name=\"twitter:card\" content=\"summary_large_image\" \/>\n<meta name=\"twitter:label1\" content=\"Estimated reading time\" \/>\n\t<meta name=\"twitter:data1\" content=\"2 minutes\" \/>\n<script type=\"application\/ld+json\" class=\"yoast-schema-graph\">{\"@context\":\"https:\\\/\\\/schema.org\",\"@graph\":[{\"@type\":\"WebPage\",\"@id\":\"https:\\\/\\\/olalabrand.com\\\/privacy-policy\\\/\",\"url\":\"https:\\\/\\\/olalabrand.com\\\/privacy-policy\\\/\",\"name\":\"Privacy Policy - Olalabrand\",\"isPartOf\":{\"@id\":\"https:\\\/\\\/olalabrand.com\\\/#website\"},\"datePublished\":\"2025-09-01T17:16:11+00:00\",\"dateModified\":\"2026-02-23T19:30:29+00:00\",\"description\":\"Consulta la pol\u00edtica de privacidad de Olalabrand y c\u00f3mo protegemos tus datos personales con transparencia y responsabilidad.\",\"breadcrumb\":{\"@id\":\"https:\\\/\\\/olalabrand.com\\\/privacy-policy\\\/#breadcrumb\"},\"inLanguage\":\"en-GB\",\"potentialAction\":[{\"@type\":\"ReadAction\",\"target\":[\"https:\\\/\\\/olalabrand.com\\\/privacy-policy\\\/\"]}]},{\"@type\":\"BreadcrumbList\",\"@id\":\"https:\\\/\\\/olalabrand.com\\\/privacy-policy\\\/#breadcrumb\",\"itemListElement\":[{\"@type\":\"ListItem\",\"position\":1,\"name\":\"Portada\",\"item\":\"https:\\\/\\\/olalabrand.com\\\/\"},{\"@type\":\"ListItem\",\"position\":2,\"name\":\"Privacy Policy\"}]},{\"@type\":\"WebSite\",\"@id\":\"https:\\\/\\\/olalabrand.com\\\/#website\",\"url\":\"https:\\\/\\\/olalabrand.com\\\/\",\"name\":\"Olalabrand\",\"description\":\"Estudio de branding emocional\",\"potentialAction\":[{\"@type\":\"SearchAction\",\"target\":{\"@type\":\"EntryPoint\",\"urlTemplate\":\"https:\\\/\\\/olalabrand.com\\\/?s={search_term_string}\"},\"query-input\":{\"@type\":\"PropertyValueSpecification\",\"valueRequired\":true,\"valueName\":\"search_term_string\"}}],\"inLanguage\":\"en-GB\"}]}<\/script>\n<!-- \/ Yoast SEO plugin. -->","yoast_head_json":{"title":"Privacy Policy - Olalabrand","description":"Consulta la pol\u00edtica de privacidad de Olalabrand y c\u00f3mo protegemos tus datos personales con transparencia y responsabilidad.","robots":{"index":"index","follow":"follow","max-snippet":"max-snippet:-1","max-image-preview":"max-image-preview:large","max-video-preview":"max-video-preview:-1"},"canonical":"https:\/\/olalabrand.com\/en\/privacy-policy\/","og_locale":"en_GB","og_type":"article","og_title":"Privacy Policy - Olalabrand","og_description":"Consulta la pol\u00edtica de privacidad de Olalabrand y c\u00f3mo protegemos tus datos personales con transparencia y responsabilidad.","og_url":"https:\/\/olalabrand.com\/en\/privacy-policy\/","og_site_name":"Olalabrand","article_modified_time":"2026-02-23T19:30:29+00:00","twitter_card":"summary_large_image","twitter_misc":{"Estimated reading time":"2 minutes"},"schema":{"@context":"https:\/\/schema.org","@graph":[{"@type":"WebPage","@id":"https:\/\/olalabrand.com\/privacy-policy\/","url":"https:\/\/olalabrand.com\/privacy-policy\/","name":"Privacy Policy - Olalabrand","isPartOf":{"@id":"https:\/\/olalabrand.com\/#website"},"datePublished":"2025-09-01T17:16:11+00:00","dateModified":"2026-02-23T19:30:29+00:00","description":"Consulta la pol\u00edtica de privacidad de Olalabrand y c\u00f3mo protegemos tus datos personales con transparencia y responsabilidad.","breadcrumb":{"@id":"https:\/\/olalabrand.com\/privacy-policy\/#breadcrumb"},"inLanguage":"en-GB","potentialAction":[{"@type":"ReadAction","target":["https:\/\/olalabrand.com\/privacy-policy\/"]}]},{"@type":"BreadcrumbList","@id":"https:\/\/olalabrand.com\/privacy-policy\/#breadcrumb","itemListElement":[{"@type":"ListItem","position":1,"name":"Portada","item":"https:\/\/olalabrand.com\/"},{"@type":"ListItem","position":2,"name":"Privacy Policy"}]},{"@type":"WebSite","@id":"https:\/\/olalabrand.com\/#website","url":"https:\/\/olalabrand.com\/","name":"Olalabrand","description":"Estudio de branding emocional","potentialAction":[{"@type":"SearchAction","target":{"@type":"EntryPoint","urlTemplate":"https:\/\/olalabrand.com\/?s={search_term_string}"},"query-input":{"@type":"PropertyValueSpecification","valueRequired":true,"valueName":"search_term_string"}}],"inLanguage":"en-GB"}]}},"_links":{"self":[{"href":"https:\/\/olalabrand.com\/en\/wp-json\/wp\/v2\/pages\/3","targetHints":{"allow":["GET"]}}],"collection":[{"href":"https:\/\/olalabrand.com\/en\/wp-json\/wp\/v2\/pages"}],"about":[{"href":"https:\/\/olalabrand.com\/en\/wp-json\/wp\/v2\/types\/page"}],"author":[{"embeddable":true,"href":"https:\/\/olalabrand.com\/en\/wp-json\/wp\/v2\/users\/1"}],"replies":[{"embeddable":true,"href":"https:\/\/olalabrand.com\/en\/wp-json\/wp\/v2\/comments?post=3"}],"version-history":[{"count":3,"href":"https:\/\/olalabrand.com\/en\/wp-json\/wp\/v2\/pages\/3\/revisions"}],"predecessor-version":[{"id":1330,"href":"https:\/\/olalabrand.com\/en\/wp-json\/wp\/v2\/pages\/3\/revisions\/1330"}],"wp:attachment":[{"href":"https:\/\/olalabrand.com\/en\/wp-json\/wp\/v2\/media?parent=3"}],"curies":[{"name":"wp","href":"https:\/\/api.w.org\/{rel}","templated":true}]}}